{"id":2126,"date":"2021-06-07T09:35:29","date_gmt":"2021-06-07T09:35:29","guid":{"rendered":"https:\/\/heinrich-pesch-hotel.de\/?page_id=2126"},"modified":"2025-08-05T07:22:43","modified_gmt":"2025-08-05T07:22:43","slug":"imprint","status":"publish","type":"page","link":"https:\/\/heinrich-pesch-hotel.de\/en\/imprint\/","title":{"rendered":"Imprint"},"content":{"rendered":"\n<p><br>Heinrich Pesch Haus Bildungszentrum Ludwigshafen e.V.<br>Frankenthaler Str. 229<br>67059 Ludwigshafen<br>Phone: +49 621 5999-0<br>Fax: +49 621 517225<br>E-mail: info(at)hph.kirche.org<br>Internet: <a href=\"http:\/\/www.hph.kirche.org\/\">http:\/\/www.hph.kirche.org<\/a><\/p>\n\n\n\n<p>Authorized representative board (chairperson):<br>Dr. Irina Kreusch, Head of Department II Schools\/Universities\/Education, Diocese of Speyer<br>Fr. Johann Spermann SJ<\/p>\n\n\n\n<p>Register court: Ludwigshafen Local Court<br>Register number: VR 1122<br>Sales tax identification number according to \u00a7 27 a Sales Tax Act: DE 149141954<\/p>\n\n\n\n<p>Responsible supervisory authority for hotel operations:<br>City Administration Ludwigshafen am Rhein, Department of Public Order, Rathausplatz 20, 67059 Ludwigshafen<\/p>\n\n\n\n<p>Responsible for content according to \u00a7 10 paragraph 3 MDStV:<br>P. Tobias Zimmermann SJ<\/p>\n\n\n\n<p>The legal notice also applies to the following social media profiles:<br>Facebook: <a href=\"http:\/\/www.facebook.com\/HotelHPH\">http:\/\/www.facebook.com\/HotelHPH<\/a><br>Instagram: <a href=\"http:\/instagram.com\/heinrichpeschhotel\/\" target=\"_blank\" rel=\"noreferrer noopener\">http:\/instagram.com\/heinrichpeschhotel\/<\/a><br>LinkedIn: <a href=\"https:\/\/www.linkedin.com\/company\/heinrich-pesch-haus-akademie\/\" target=\"_blank\" rel=\"noreferrer noopener\">https:\/\/www.linkedin.com\/company\/heinrich-pesch-haus-akademie\/<\/a><\/p>\n\n\n\n<p>Bank details:<br>Liga Bank Speyer<br>IBAN: DE96 7509 0300 0000 0560 14<br>BIC: GENODEF1M05Liability notice<\/p>\n\n\n\n<p>Despite careful control of the content, we assume no liability for the content of external links. The operators of the linked pages are solely responsible for their content.<\/p>\n\n\n\n<p>The content and works created by the site operators on these pages are subject to German copyright law. The use of copyrighted works, in particular the reproduction, distribution, editing and public reproduction, requires the written consent of the respective author or other copyright holder. Reproductions for private and other personal use are only permitted under the conditions of \u00a7 53 UrhG.<\/p>\n\n\n\n<p>Insofar as the content on this site was not created by the operator, the copyrights of third parties are respected. In particular, third-party content is identified as such. Should you nevertheless become aware of a copyright infringement, please inform us accordingly. If we become aware of any legal infringements, we will remove such content immediately.<\/p>\n\n\n\n<p>Disclaimer: Legal notice on consumer dispute resolution according to \u00a7\u00a7 36 and 37 VSBG<\/p>\n\n\n\n<p>We do not participate in dispute resolution proceedings before a consumer arbitration board. However, the law on alternative dispute resolution in consumer matters requires that we nevertheless point you to a consumer arbitration board that is responsible for you: General consumer arbitration board of the Zentrum f\u00fcr Schlichtung e. V.: 77694 Kehl, Stra\u00dfburger Stra\u00dfe 8 Internet: <a href=\"http:\/\/www.verbraucher-schlichter.de\/\" target=\"_blank\" rel=\"noreferrer noopener\">www.verbraucher-schlichter.de<\/a><\/p>\n","protected":false},"excerpt":{"rendered":"<p>Heinrich Pesch Haus Bildungszentrum Ludwigshafen e.V.Frankenthaler Str. 22967059 LudwigshafenPhone: +49 621 5999-0Fax: +49 621 517225E-mail: info(at)hph.kirche.orgInternet: http:\/\/www.hph.kirche.org Authorized representative board (chairperson):Dr. Irina Kreusch, Head of Department II Schools\/Universities\/Education, Diocese of SpeyerFr. Johann Spermann SJ Register court: Ludwigshafen Local CourtRegister number: VR 1122Sales tax identification number according to \u00a7 27 a Sales Tax Act: DE 149141954 &#8230; <a title=\"Imprint\" class=\"read-more\" href=\"https:\/\/heinrich-pesch-hotel.de\/en\/imprint\/\" aria-label=\"Read more about Imprint\">Read more<\/a><\/p>\n","protected":false},"author":1,"featured_media":0,"parent":0,"menu_order":0,"comment_status":"closed","ping_status":"closed","template":"","meta":{"footnotes":""},"class_list":["post-2126","page","type-page","status-publish"],"yoast_head":"<!-- This site is optimized with the Yoast SEO plugin v27.5 - https:\/\/yoast.com\/product\/yoast-seo-wordpress\/ -->\n<title>Imprint - Heinrich Pesch Hotel | Ludwigshafen am Rhein<\/title>\n<meta name=\"robots\" content=\"index, follow, max-snippet:-1, max-image-preview:large, max-video-preview:-1\" \/>\n<link rel=\"canonical\" href=\"https:\/\/heinrich-pesch-hotel.de\/en\/imprint\/\" \/>\n<meta property=\"og:locale\" content=\"en_US\" \/>\n<meta property=\"og:type\" content=\"article\" \/>\n<meta property=\"og:title\" content=\"Imprint - Heinrich Pesch Hotel | Ludwigshafen am Rhein\" \/>\n<meta property=\"og:description\" content=\"Heinrich Pesch Haus Bildungszentrum Ludwigshafen e.V.Frankenthaler Str. 22967059 LudwigshafenPhone: +49 621 5999-0Fax: +49 621 517225E-mail: info(at)hph.kirche.orgInternet: http:\/\/www.hph.kirche.org Authorized representative board (chairperson):Dr. Irina Kreusch, Head of Department II Schools\/Universities\/Education, Diocese of SpeyerFr. Johann Spermann SJ Register court: Ludwigshafen Local CourtRegister number: VR 1122Sales tax identification number according to \u00a7 27 a Sales Tax Act: DE 149141954 ... Read more\" \/>\n<meta property=\"og:url\" content=\"https:\/\/heinrich-pesch-hotel.de\/en\/imprint\/\" \/>\n<meta property=\"og:site_name\" content=\"Heinrich Pesch Hotel | Ludwigshafen am Rhein\" \/>\n<meta property=\"article:modified_time\" content=\"2025-08-05T07:22:43+00:00\" \/>\n<meta name=\"twitter:card\" content=\"summary_large_image\" \/>\n<meta name=\"twitter:label1\" content=\"Est. reading time\" \/>\n\t<meta name=\"twitter:data1\" content=\"2 minutes\" \/>\n<script type=\"application\/ld+json\" class=\"yoast-schema-graph\">{\"@context\":\"https:\\\/\\\/schema.org\",\"@graph\":[{\"@type\":\"WebPage\",\"@id\":\"https:\\\/\\\/heinrich-pesch-hotel.de\\\/en\\\/imprint\\\/\",\"url\":\"https:\\\/\\\/heinrich-pesch-hotel.de\\\/en\\\/imprint\\\/\",\"name\":\"Imprint - Heinrich Pesch Hotel | Ludwigshafen am Rhein\",\"isPartOf\":{\"@id\":\"https:\\\/\\\/heinrich-pesch-hotel.de\\\/en\\\/#website\"},\"datePublished\":\"2021-06-07T09:35:29+00:00\",\"dateModified\":\"2025-08-05T07:22:43+00:00\",\"breadcrumb\":{\"@id\":\"https:\\\/\\\/heinrich-pesch-hotel.de\\\/en\\\/imprint\\\/#breadcrumb\"},\"inLanguage\":\"en-US\",\"potentialAction\":[{\"@type\":\"ReadAction\",\"target\":[\"https:\\\/\\\/heinrich-pesch-hotel.de\\\/en\\\/imprint\\\/\"]}]},{\"@type\":\"BreadcrumbList\",\"@id\":\"https:\\\/\\\/heinrich-pesch-hotel.de\\\/en\\\/imprint\\\/#breadcrumb\",\"itemListElement\":[{\"@type\":\"ListItem\",\"position\":1,\"name\":\"Startseite\",\"item\":\"https:\\\/\\\/heinrich-pesch-hotel.de\\\/en\\\/\"},{\"@type\":\"ListItem\",\"position\":2,\"name\":\"Imprint\"}]},{\"@type\":\"WebSite\",\"@id\":\"https:\\\/\\\/heinrich-pesch-hotel.de\\\/en\\\/#website\",\"url\":\"https:\\\/\\\/heinrich-pesch-hotel.de\\\/en\\\/\",\"name\":\"Heinrich Pesch Hotel | Ludwigshafen am Rhein\",\"description\":\"\",\"publisher\":{\"@id\":\"https:\\\/\\\/heinrich-pesch-hotel.de\\\/en\\\/#organization\"},\"potentialAction\":[{\"@type\":\"SearchAction\",\"target\":{\"@type\":\"EntryPoint\",\"urlTemplate\":\"https:\\\/\\\/heinrich-pesch-hotel.de\\\/en\\\/?s={search_term_string}\"},\"query-input\":{\"@type\":\"PropertyValueSpecification\",\"valueRequired\":true,\"valueName\":\"search_term_string\"}}],\"inLanguage\":\"en-US\"},{\"@type\":\"Organization\",\"@id\":\"https:\\\/\\\/heinrich-pesch-hotel.de\\\/en\\\/#organization\",\"name\":\"Heinrich Pesch Hotel | Ludwigshafen am Rhein\",\"url\":\"https:\\\/\\\/heinrich-pesch-hotel.de\\\/en\\\/\",\"logo\":{\"@type\":\"ImageObject\",\"inLanguage\":\"en-US\",\"@id\":\"https:\\\/\\\/heinrich-pesch-hotel.de\\\/en\\\/#\\\/schema\\\/logo\\\/image\\\/\",\"url\":\"https:\\\/\\\/heinrich-pesch-hotel.de\\\/wp-content\\\/uploads\\\/2025\\\/01\\\/cropped-hph-hotel-logo-mit-superior-4c-e1737551821232.png\",\"contentUrl\":\"https:\\\/\\\/heinrich-pesch-hotel.de\\\/wp-content\\\/uploads\\\/2025\\\/01\\\/cropped-hph-hotel-logo-mit-superior-4c-e1737551821232.png\",\"width\":300,\"height\":136,\"caption\":\"Heinrich Pesch Hotel | Ludwigshafen am Rhein\"},\"image\":{\"@id\":\"https:\\\/\\\/heinrich-pesch-hotel.de\\\/en\\\/#\\\/schema\\\/logo\\\/image\\\/\"}}]}<\/script>\n<!-- \/ Yoast SEO plugin. -->","yoast_head_json":{"title":"Imprint - Heinrich Pesch Hotel | Ludwigshafen am Rhein","robots":{"index":"index","follow":"follow","max-snippet":"max-snippet:-1","max-image-preview":"max-image-preview:large","max-video-preview":"max-video-preview:-1"},"canonical":"https:\/\/heinrich-pesch-hotel.de\/en\/imprint\/","og_locale":"en_US","og_type":"article","og_title":"Imprint - Heinrich Pesch Hotel | Ludwigshafen am Rhein","og_description":"Heinrich Pesch Haus Bildungszentrum Ludwigshafen e.V.Frankenthaler Str. 22967059 LudwigshafenPhone: +49 621 5999-0Fax: +49 621 517225E-mail: info(at)hph.kirche.orgInternet: http:\/\/www.hph.kirche.org Authorized representative board (chairperson):Dr. Irina Kreusch, Head of Department II Schools\/Universities\/Education, Diocese of SpeyerFr. Johann Spermann SJ Register court: Ludwigshafen Local CourtRegister number: VR 1122Sales tax identification number according to \u00a7 27 a Sales Tax Act: DE 149141954 ... Read more","og_url":"https:\/\/heinrich-pesch-hotel.de\/en\/imprint\/","og_site_name":"Heinrich Pesch Hotel | Ludwigshafen am Rhein","article_modified_time":"2025-08-05T07:22:43+00:00","twitter_card":"summary_large_image","twitter_misc":{"Est. reading time":"2 minutes"},"schema":{"@context":"https:\/\/schema.org","@graph":[{"@type":"WebPage","@id":"https:\/\/heinrich-pesch-hotel.de\/en\/imprint\/","url":"https:\/\/heinrich-pesch-hotel.de\/en\/imprint\/","name":"Imprint - Heinrich Pesch Hotel | Ludwigshafen am Rhein","isPartOf":{"@id":"https:\/\/heinrich-pesch-hotel.de\/en\/#website"},"datePublished":"2021-06-07T09:35:29+00:00","dateModified":"2025-08-05T07:22:43+00:00","breadcrumb":{"@id":"https:\/\/heinrich-pesch-hotel.de\/en\/imprint\/#breadcrumb"},"inLanguage":"en-US","potentialAction":[{"@type":"ReadAction","target":["https:\/\/heinrich-pesch-hotel.de\/en\/imprint\/"]}]},{"@type":"BreadcrumbList","@id":"https:\/\/heinrich-pesch-hotel.de\/en\/imprint\/#breadcrumb","itemListElement":[{"@type":"ListItem","position":1,"name":"Startseite","item":"https:\/\/heinrich-pesch-hotel.de\/en\/"},{"@type":"ListItem","position":2,"name":"Imprint"}]},{"@type":"WebSite","@id":"https:\/\/heinrich-pesch-hotel.de\/en\/#website","url":"https:\/\/heinrich-pesch-hotel.de\/en\/","name":"Heinrich Pesch Hotel | Ludwigshafen am Rhein","description":"","publisher":{"@id":"https:\/\/heinrich-pesch-hotel.de\/en\/#organization"},"potentialAction":[{"@type":"SearchAction","target":{"@type":"EntryPoint","urlTemplate":"https:\/\/heinrich-pesch-hotel.de\/en\/?s={search_term_string}"},"query-input":{"@type":"PropertyValueSpecification","valueRequired":true,"valueName":"search_term_string"}}],"inLanguage":"en-US"},{"@type":"Organization","@id":"https:\/\/heinrich-pesch-hotel.de\/en\/#organization","name":"Heinrich Pesch Hotel | Ludwigshafen am Rhein","url":"https:\/\/heinrich-pesch-hotel.de\/en\/","logo":{"@type":"ImageObject","inLanguage":"en-US","@id":"https:\/\/heinrich-pesch-hotel.de\/en\/#\/schema\/logo\/image\/","url":"https:\/\/heinrich-pesch-hotel.de\/wp-content\/uploads\/2025\/01\/cropped-hph-hotel-logo-mit-superior-4c-e1737551821232.png","contentUrl":"https:\/\/heinrich-pesch-hotel.de\/wp-content\/uploads\/2025\/01\/cropped-hph-hotel-logo-mit-superior-4c-e1737551821232.png","width":300,"height":136,"caption":"Heinrich Pesch Hotel | Ludwigshafen am Rhein"},"image":{"@id":"https:\/\/heinrich-pesch-hotel.de\/en\/#\/schema\/logo\/image\/"}}]}},"_links":{"self":[{"href":"https:\/\/heinrich-pesch-hotel.de\/en\/wp-json\/wp\/v2\/pages\/2126","targetHints":{"allow":["GET"]}}],"collection":[{"href":"https:\/\/heinrich-pesch-hotel.de\/en\/wp-json\/wp\/v2\/pages"}],"about":[{"href":"https:\/\/heinrich-pesch-hotel.de\/en\/wp-json\/wp\/v2\/types\/page"}],"author":[{"embeddable":true,"href":"https:\/\/heinrich-pesch-hotel.de\/en\/wp-json\/wp\/v2\/users\/1"}],"replies":[{"embeddable":true,"href":"https:\/\/heinrich-pesch-hotel.de\/en\/wp-json\/wp\/v2\/comments?post=2126"}],"version-history":[{"count":5,"href":"https:\/\/heinrich-pesch-hotel.de\/en\/wp-json\/wp\/v2\/pages\/2126\/revisions"}],"predecessor-version":[{"id":5062,"href":"https:\/\/heinrich-pesch-hotel.de\/en\/wp-json\/wp\/v2\/pages\/2126\/revisions\/5062"}],"wp:attachment":[{"href":"https:\/\/heinrich-pesch-hotel.de\/en\/wp-json\/wp\/v2\/media?parent=2126"}],"curies":[{"name":"wp","href":"https:\/\/api.w.org\/{rel}","templated":true}]}}