{"id":2156,"date":"2022-09-01T06:19:04","date_gmt":"2022-09-01T06:19:04","guid":{"rendered":"https:\/\/heinrich-pesch-hotel.de\/general-terms-and-conditions\/"},"modified":"2024-03-26T15:04:14","modified_gmt":"2024-03-26T15:04:14","slug":"general-terms-and-conditions","status":"publish","type":"page","link":"https:\/\/heinrich-pesch-hotel.de\/en\/general-terms-and-conditions\/","title":{"rendered":"General Terms and Conditions"},"content":{"rendered":"\n<p><strong><a href=\"https:\/\/heinrich-pesch-hotel.de\/wp-content\/uploads\/2018\/10\/beherbergung.pdf\" target=\"_blank\" rel=\"noreferrer noopener\"><br\/><\/a><a href=\"https:\/\/heinrich-pesch-hotel.de\/wp-content\/uploads\/2023\/03\/AGB_Hotelzimmer_HPH.pdf\" target=\"_blank\" rel=\"noreferrer noopener\">General Terms and Conditions of the Heinrich Pesch Haus, Bildungszentrum Ludwigshafen e.V., for the Accommodation Contract<\/a><\/strong><\/p>\n\n<p><strong><a href=\"https:\/\/heinrich-pesch-hotel.de\/wp-content\/uploads\/2023\/03\/AGB_Veranstalter_HPH.pdf\" target=\"_blank\" rel=\"noreferrer noopener\">General Terms and Conditions of the Heinrich Pesch Haus, Bildungszentrum Ludwigshafen e.V., for the Organization of Third-Party Events (Organizer GTC)<\/a><\/strong><\/p>\n\n<p><a href=\"https:\/\/heinrich-pesch-hotel.de\/wp-content\/uploads\/2023\/03\/Muster_Widerrufsformular_HPH.pdf\" target=\"_blank\" rel=\"noreferrer noopener\"><strong>Click here to find our cancellation form<\/strong><\/a><\/p>\n\n<p><strong>Legal notice regarding consumer dispute resolution according to \u00a7\u00a7 36 and 37 VSBG (German law on the settlement of disputes)<\/strong><\/p>\n\n<p>We do not participate in dispute resolution proceedings before a consumer arbitration board. However, the law on alternative dispute resolution in consumer matters requires that we nevertheless point you to a consumer arbitration board that is responsible for you: General consumer arbitration board of the Zentrum f\u00fcr Schlichtung e. V.: 77694 Kehl, Stra\u00dfburger Stra\u00dfe 8 Internet: <a href=\"http:\/\/www.verbraucher-schlichter.de\/\" target=\"_blank\" rel=\"noreferrer noopener\">www.verbraucher-schlichter.de<\/a><\/p>\n","protected":false},"excerpt":{"rendered":"<p>General Terms and Conditions of the Heinrich Pesch Haus, Bildungszentrum Ludwigshafen e.V., for the Accommodation Contract General Terms and Conditions of the Heinrich Pesch Haus, Bildungszentrum Ludwigshafen e.V., for the Organization of Third-Party Events (Organizer GTC) Click here to find our cancellation form Legal notice regarding consumer dispute resolution according to \u00a7\u00a7 36 and 37 &#8230; <a title=\"General Terms and Conditions\" class=\"read-more\" href=\"https:\/\/heinrich-pesch-hotel.de\/en\/general-terms-and-conditions\/\" aria-label=\"Read more about General Terms and Conditions\">Read more<\/a><\/p>\n","protected":false},"author":1,"featured_media":1854,"parent":0,"menu_order":0,"comment_status":"closed","ping_status":"closed","template":"","meta":{"footnotes":""},"class_list":["post-2156","page","type-page","status-publish","has-post-thumbnail"],"yoast_head":"<!-- This site is optimized with the Yoast SEO plugin v27.5 - https:\/\/yoast.com\/product\/yoast-seo-wordpress\/ -->\n<title>General Terms and Conditions - Heinrich Pesch Hotel | Ludwigshafen am Rhein<\/title>\n<meta name=\"description\" content=\"Click here to view our general terms and conditions for the reservation of hotel rooms and conference rooms.\" \/>\n<meta name=\"robots\" content=\"index, follow, max-snippet:-1, max-image-preview:large, max-video-preview:-1\" \/>\n<link rel=\"canonical\" href=\"https:\/\/heinrich-pesch-hotel.de\/en\/general-terms-and-conditions\/\" \/>\n<meta property=\"og:locale\" content=\"en_US\" \/>\n<meta property=\"og:type\" content=\"article\" \/>\n<meta property=\"og:title\" content=\"General Terms and Conditions - Heinrich Pesch Hotel | Ludwigshafen am Rhein\" \/>\n<meta property=\"og:description\" content=\"Click here to view our general terms and conditions for the reservation of hotel rooms and conference rooms.\" \/>\n<meta property=\"og:url\" content=\"https:\/\/heinrich-pesch-hotel.de\/en\/general-terms-and-conditions\/\" \/>\n<meta property=\"og:site_name\" content=\"Heinrich Pesch Hotel | Ludwigshafen am Rhein\" \/>\n<meta property=\"article:modified_time\" content=\"2024-03-26T15:04:14+00:00\" \/>\n<meta property=\"og:image\" content=\"https:\/\/heinrich-pesch-hotel.de\/wp-content\/uploads\/2018\/10\/rsa_7147_klein_k.jpg\" \/>\n\t<meta property=\"og:image:width\" content=\"2000\" \/>\n\t<meta property=\"og:image:height\" content=\"1335\" \/>\n\t<meta property=\"og:image:type\" content=\"image\/jpeg\" \/>\n<meta name=\"twitter:card\" content=\"summary_large_image\" \/>\n<meta name=\"twitter:label1\" content=\"Est. reading time\" \/>\n\t<meta name=\"twitter:data1\" content=\"1 minute\" \/>\n<script type=\"application\/ld+json\" class=\"yoast-schema-graph\">{\"@context\":\"https:\\\/\\\/schema.org\",\"@graph\":[{\"@type\":\"WebPage\",\"@id\":\"https:\\\/\\\/heinrich-pesch-hotel.de\\\/en\\\/general-terms-and-conditions\\\/\",\"url\":\"https:\\\/\\\/heinrich-pesch-hotel.de\\\/en\\\/general-terms-and-conditions\\\/\",\"name\":\"General Terms and Conditions - Heinrich Pesch Hotel | Ludwigshafen am Rhein\",\"isPartOf\":{\"@id\":\"https:\\\/\\\/heinrich-pesch-hotel.de\\\/en\\\/#website\"},\"primaryImageOfPage\":{\"@id\":\"https:\\\/\\\/heinrich-pesch-hotel.de\\\/en\\\/general-terms-and-conditions\\\/#primaryimage\"},\"image\":{\"@id\":\"https:\\\/\\\/heinrich-pesch-hotel.de\\\/en\\\/general-terms-and-conditions\\\/#primaryimage\"},\"thumbnailUrl\":\"https:\\\/\\\/heinrich-pesch-hotel.de\\\/wp-content\\\/uploads\\\/2018\\\/10\\\/rsa_7147_klein_k.jpg\",\"datePublished\":\"2022-09-01T06:19:04+00:00\",\"dateModified\":\"2024-03-26T15:04:14+00:00\",\"description\":\"Click here to view our general terms and conditions for the reservation of hotel rooms and conference rooms.\",\"breadcrumb\":{\"@id\":\"https:\\\/\\\/heinrich-pesch-hotel.de\\\/en\\\/general-terms-and-conditions\\\/#breadcrumb\"},\"inLanguage\":\"en-US\",\"potentialAction\":[{\"@type\":\"ReadAction\",\"target\":[\"https:\\\/\\\/heinrich-pesch-hotel.de\\\/en\\\/general-terms-and-conditions\\\/\"]}]},{\"@type\":\"ImageObject\",\"inLanguage\":\"en-US\",\"@id\":\"https:\\\/\\\/heinrich-pesch-hotel.de\\\/en\\\/general-terms-and-conditions\\\/#primaryimage\",\"url\":\"https:\\\/\\\/heinrich-pesch-hotel.de\\\/wp-content\\\/uploads\\\/2018\\\/10\\\/rsa_7147_klein_k.jpg\",\"contentUrl\":\"https:\\\/\\\/heinrich-pesch-hotel.de\\\/wp-content\\\/uploads\\\/2018\\\/10\\\/rsa_7147_klein_k.jpg\",\"width\":2000,\"height\":1335},{\"@type\":\"BreadcrumbList\",\"@id\":\"https:\\\/\\\/heinrich-pesch-hotel.de\\\/en\\\/general-terms-and-conditions\\\/#breadcrumb\",\"itemListElement\":[{\"@type\":\"ListItem\",\"position\":1,\"name\":\"Startseite\",\"item\":\"https:\\\/\\\/heinrich-pesch-hotel.de\\\/en\\\/\"},{\"@type\":\"ListItem\",\"position\":2,\"name\":\"General Terms and Conditions\"}]},{\"@type\":\"WebSite\",\"@id\":\"https:\\\/\\\/heinrich-pesch-hotel.de\\\/en\\\/#website\",\"url\":\"https:\\\/\\\/heinrich-pesch-hotel.de\\\/en\\\/\",\"name\":\"Heinrich Pesch Hotel | Ludwigshafen am Rhein\",\"description\":\"\",\"publisher\":{\"@id\":\"https:\\\/\\\/heinrich-pesch-hotel.de\\\/en\\\/#organization\"},\"potentialAction\":[{\"@type\":\"SearchAction\",\"target\":{\"@type\":\"EntryPoint\",\"urlTemplate\":\"https:\\\/\\\/heinrich-pesch-hotel.de\\\/en\\\/?s={search_term_string}\"},\"query-input\":{\"@type\":\"PropertyValueSpecification\",\"valueRequired\":true,\"valueName\":\"search_term_string\"}}],\"inLanguage\":\"en-US\"},{\"@type\":\"Organization\",\"@id\":\"https:\\\/\\\/heinrich-pesch-hotel.de\\\/en\\\/#organization\",\"name\":\"Heinrich Pesch Hotel | Ludwigshafen am Rhein\",\"url\":\"https:\\\/\\\/heinrich-pesch-hotel.de\\\/en\\\/\",\"logo\":{\"@type\":\"ImageObject\",\"inLanguage\":\"en-US\",\"@id\":\"https:\\\/\\\/heinrich-pesch-hotel.de\\\/en\\\/#\\\/schema\\\/logo\\\/image\\\/\",\"url\":\"https:\\\/\\\/heinrich-pesch-hotel.de\\\/wp-content\\\/uploads\\\/2025\\\/01\\\/cropped-hph-hotel-logo-mit-superior-4c-e1737551821232.png\",\"contentUrl\":\"https:\\\/\\\/heinrich-pesch-hotel.de\\\/wp-content\\\/uploads\\\/2025\\\/01\\\/cropped-hph-hotel-logo-mit-superior-4c-e1737551821232.png\",\"width\":300,\"height\":136,\"caption\":\"Heinrich Pesch Hotel | Ludwigshafen am Rhein\"},\"image\":{\"@id\":\"https:\\\/\\\/heinrich-pesch-hotel.de\\\/en\\\/#\\\/schema\\\/logo\\\/image\\\/\"}}]}<\/script>\n<!-- \/ Yoast SEO plugin. -->","yoast_head_json":{"title":"General Terms and Conditions - Heinrich Pesch Hotel | Ludwigshafen am Rhein","description":"Click here to view our general terms and conditions for the reservation of hotel rooms and conference rooms.","robots":{"index":"index","follow":"follow","max-snippet":"max-snippet:-1","max-image-preview":"max-image-preview:large","max-video-preview":"max-video-preview:-1"},"canonical":"https:\/\/heinrich-pesch-hotel.de\/en\/general-terms-and-conditions\/","og_locale":"en_US","og_type":"article","og_title":"General Terms and Conditions - Heinrich Pesch Hotel | Ludwigshafen am Rhein","og_description":"Click here to view our general terms and conditions for the reservation of hotel rooms and conference rooms.","og_url":"https:\/\/heinrich-pesch-hotel.de\/en\/general-terms-and-conditions\/","og_site_name":"Heinrich Pesch Hotel | Ludwigshafen am Rhein","article_modified_time":"2024-03-26T15:04:14+00:00","og_image":[{"width":2000,"height":1335,"url":"https:\/\/heinrich-pesch-hotel.de\/wp-content\/uploads\/2018\/10\/rsa_7147_klein_k.jpg","type":"image\/jpeg"}],"twitter_card":"summary_large_image","twitter_misc":{"Est. reading time":"1 minute"},"schema":{"@context":"https:\/\/schema.org","@graph":[{"@type":"WebPage","@id":"https:\/\/heinrich-pesch-hotel.de\/en\/general-terms-and-conditions\/","url":"https:\/\/heinrich-pesch-hotel.de\/en\/general-terms-and-conditions\/","name":"General Terms and Conditions - Heinrich Pesch Hotel | Ludwigshafen am Rhein","isPartOf":{"@id":"https:\/\/heinrich-pesch-hotel.de\/en\/#website"},"primaryImageOfPage":{"@id":"https:\/\/heinrich-pesch-hotel.de\/en\/general-terms-and-conditions\/#primaryimage"},"image":{"@id":"https:\/\/heinrich-pesch-hotel.de\/en\/general-terms-and-conditions\/#primaryimage"},"thumbnailUrl":"https:\/\/heinrich-pesch-hotel.de\/wp-content\/uploads\/2018\/10\/rsa_7147_klein_k.jpg","datePublished":"2022-09-01T06:19:04+00:00","dateModified":"2024-03-26T15:04:14+00:00","description":"Click here to view our general terms and conditions for the reservation of hotel rooms and conference rooms.","breadcrumb":{"@id":"https:\/\/heinrich-pesch-hotel.de\/en\/general-terms-and-conditions\/#breadcrumb"},"inLanguage":"en-US","potentialAction":[{"@type":"ReadAction","target":["https:\/\/heinrich-pesch-hotel.de\/en\/general-terms-and-conditions\/"]}]},{"@type":"ImageObject","inLanguage":"en-US","@id":"https:\/\/heinrich-pesch-hotel.de\/en\/general-terms-and-conditions\/#primaryimage","url":"https:\/\/heinrich-pesch-hotel.de\/wp-content\/uploads\/2018\/10\/rsa_7147_klein_k.jpg","contentUrl":"https:\/\/heinrich-pesch-hotel.de\/wp-content\/uploads\/2018\/10\/rsa_7147_klein_k.jpg","width":2000,"height":1335},{"@type":"BreadcrumbList","@id":"https:\/\/heinrich-pesch-hotel.de\/en\/general-terms-and-conditions\/#breadcrumb","itemListElement":[{"@type":"ListItem","position":1,"name":"Startseite","item":"https:\/\/heinrich-pesch-hotel.de\/en\/"},{"@type":"ListItem","position":2,"name":"General Terms and Conditions"}]},{"@type":"WebSite","@id":"https:\/\/heinrich-pesch-hotel.de\/en\/#website","url":"https:\/\/heinrich-pesch-hotel.de\/en\/","name":"Heinrich Pesch Hotel | Ludwigshafen am Rhein","description":"","publisher":{"@id":"https:\/\/heinrich-pesch-hotel.de\/en\/#organization"},"potentialAction":[{"@type":"SearchAction","target":{"@type":"EntryPoint","urlTemplate":"https:\/\/heinrich-pesch-hotel.de\/en\/?s={search_term_string}"},"query-input":{"@type":"PropertyValueSpecification","valueRequired":true,"valueName":"search_term_string"}}],"inLanguage":"en-US"},{"@type":"Organization","@id":"https:\/\/heinrich-pesch-hotel.de\/en\/#organization","name":"Heinrich Pesch Hotel | Ludwigshafen am Rhein","url":"https:\/\/heinrich-pesch-hotel.de\/en\/","logo":{"@type":"ImageObject","inLanguage":"en-US","@id":"https:\/\/heinrich-pesch-hotel.de\/en\/#\/schema\/logo\/image\/","url":"https:\/\/heinrich-pesch-hotel.de\/wp-content\/uploads\/2025\/01\/cropped-hph-hotel-logo-mit-superior-4c-e1737551821232.png","contentUrl":"https:\/\/heinrich-pesch-hotel.de\/wp-content\/uploads\/2025\/01\/cropped-hph-hotel-logo-mit-superior-4c-e1737551821232.png","width":300,"height":136,"caption":"Heinrich Pesch Hotel | Ludwigshafen am Rhein"},"image":{"@id":"https:\/\/heinrich-pesch-hotel.de\/en\/#\/schema\/logo\/image\/"}}]}},"_links":{"self":[{"href":"https:\/\/heinrich-pesch-hotel.de\/en\/wp-json\/wp\/v2\/pages\/2156","targetHints":{"allow":["GET"]}}],"collection":[{"href":"https:\/\/heinrich-pesch-hotel.de\/en\/wp-json\/wp\/v2\/pages"}],"about":[{"href":"https:\/\/heinrich-pesch-hotel.de\/en\/wp-json\/wp\/v2\/types\/page"}],"author":[{"embeddable":true,"href":"https:\/\/heinrich-pesch-hotel.de\/en\/wp-json\/wp\/v2\/users\/1"}],"replies":[{"embeddable":true,"href":"https:\/\/heinrich-pesch-hotel.de\/en\/wp-json\/wp\/v2\/comments?post=2156"}],"version-history":[{"count":4,"href":"https:\/\/heinrich-pesch-hotel.de\/en\/wp-json\/wp\/v2\/pages\/2156\/revisions"}],"predecessor-version":[{"id":4255,"href":"https:\/\/heinrich-pesch-hotel.de\/en\/wp-json\/wp\/v2\/pages\/2156\/revisions\/4255"}],"wp:featuredmedia":[{"embeddable":true,"href":"https:\/\/heinrich-pesch-hotel.de\/en\/wp-json\/wp\/v2\/media\/1854"}],"wp:attachment":[{"href":"https:\/\/heinrich-pesch-hotel.de\/en\/wp-json\/wp\/v2\/media?parent=2156"}],"curies":[{"name":"wp","href":"https:\/\/api.w.org\/{rel}","templated":true}]}}